{"id":3033,"date":"2025-09-10T18:41:38","date_gmt":"2025-09-10T18:41:38","guid":{"rendered":"https:\/\/clamor.global\/?page_id=3033"},"modified":"2025-09-12T20:42:58","modified_gmt":"2025-09-12T20:42:58","slug":"donaciones","status":"publish","type":"page","link":"https:\/\/clamor.global\/en\/donaciones\/","title":{"rendered":"Donations"},"content":{"rendered":"<div data-elementor-type=\"wp-page\" data-elementor-id=\"3033\" class=\"elementor elementor-3033\" data-elementor-post-type=\"page\">\n\t\t\t\t\t\t<section class=\"elementor-section elementor-top-section elementor-element elementor-element-45489ec1 elementor-section-boxed elementor-section-height-default elementor-section-height-default\" data-id=\"45489ec1\" data-element_type=\"section\" data-settings=\"{&quot;background_background&quot;:&quot;classic&quot;,&quot;mdp_selection_sticky_effect_enable&quot;:false}\">\n\t\t\t\t\t\t\t<div class=\"elementor-background-overlay\"><\/div>\n\t\t\t\t\t\t\t<div class=\"elementor-container elementor-column-gap-no\">\n\t\t\t\t\t<div class=\"elementor-column elementor-col-100 elementor-top-column elementor-element elementor-element-3a20b283\" data-id=\"3a20b283\" data-element_type=\"column\" data-settings=\"{&quot;mdp_selection_sticky_column_effect_enable&quot;:false}\">\n\t\t\t<div class=\"elementor-widget-wrap elementor-element-populated\">\n\t\t\t\t\t\t<div class=\"elementor-element elementor-element-4fd6fed6 elementor-widget elementor-widget-heading\" data-id=\"4fd6fed6\" data-element_type=\"widget\" data-widget_type=\"heading.default\">\n\t\t\t\t<div class=\"elementor-widget-container\">\n\t\t\t\t\t<h2 class=\"elementor-heading-title elementor-size-default\">Donations<\/h2>\t\t\t\t<\/div>\n\t\t\t\t<\/div>\n\t\t\t\t<div class=\"elementor-element elementor-element-5eb084a2 elementor-widget-divider--view-line elementor-widget elementor-widget-divider\" data-id=\"5eb084a2\" data-element_type=\"widget\" data-widget_type=\"divider.default\">\n\t\t\t\t<div class=\"elementor-widget-container\">\n\t\t\t\t\t\t\t<div class=\"elementor-divider\">\n\t\t\t<span class=\"elementor-divider-separator\">\n\t\t\t\t\t\t<\/span>\n\t\t<\/div>\n\t\t\t\t\t\t<\/div>\n\t\t\t\t<\/div>\n\t\t\t\t<div class=\"elementor-element elementor-element-212f57f8 elementor-widget elementor-widget-mdp-crumber-elementor\" data-id=\"212f57f8\" data-element_type=\"widget\" data-widget_type=\"mdp-crumber-elementor.default\">\n\t\t\t\t<div class=\"elementor-widget-container\">\n\t\t\t\t\t        <!-- Start Crumber for Elementor WordPress Plugin -->\n\t\t            <div class=\"mdp-crumber-elementor-box\">\n                <div class=\"mdp-crumber-elementor-breadcrumbs\">\n\t\t\t\t\t        <div class=\"mdp-crumber-elementor-breadcrumbs-item mdp-crumber-elementor-breadcrumbs-item-active mdp-crumber-elementor-breadcrumbs-icon-position-\">\n\t\t\t\t\t\t\t\t\t\t\t\t                    <span>Home<\/span>\n\t\t\t\t\t\t\t        <\/div>\n\t\t            <span class=\"mdp-crumber-elementor-separator mdp-crumber-elementor-separator-hide-last\">\n            <i aria-hidden=\"true\" class=\"fas fa-angle-double-right\"><\/i>        <\/span>\n\t\t\t\t        <div class=\"mdp-crumber-elementor-breadcrumbs-item  mdp-crumber-elementor-breadcrumbs-icon-position-\">\n\t\t\t\t\t\t\t\t\t\t\t\t                    <span>Calendar<\/span>\n\t\t\t\t\t\t\t        <\/div>\n\t\t            <span class=\"mdp-crumber-elementor-separator mdp-crumber-elementor-separator-hide-last\">\n            <i aria-hidden=\"true\" class=\"fas fa-angle-double-right\"><\/i>        <\/span>\n\t\t\t\t                <\/div>\n            <\/div>\n\t\t        <!-- End Crumber for Elementor WordPress Plugin -->\n\t\t\t\t\t\t<\/div>\n\t\t\t\t<\/div>\n\t\t\t\t\t<\/div>\n\t\t<\/div>\n\t\t\t\t\t<\/div>\n\t\t<\/section>\n\t\t\t\t<section class=\"elementor-section elementor-top-section elementor-element elementor-element-2b5f25e8 elementor-section-boxed elementor-section-height-default elementor-section-height-default\" data-id=\"2b5f25e8\" data-element_type=\"section\" data-settings=\"{&quot;mdp_selection_sticky_effect_enable&quot;:false}\">\n\t\t\t\t\t\t<div class=\"elementor-container elementor-column-gap-no\">\n\t\t\t\t\t<div class=\"elementor-column elementor-col-100 elementor-top-column elementor-element elementor-element-1d27b9ae\" data-id=\"1d27b9ae\" data-element_type=\"column\" data-settings=\"{&quot;mdp_selection_sticky_column_effect_enable&quot;:false}\">\n\t\t\t<div class=\"elementor-widget-wrap elementor-element-populated\">\n\t\t\t\t\t\t<div class=\"elementor-element elementor-element-6a32f124 elementor-invisible elementor-widget elementor-widget-heading\" data-id=\"6a32f124\" data-element_type=\"widget\" data-settings=\"{&quot;_animation&quot;:&quot;fadeIn&quot;}\" data-widget_type=\"heading.default\">\n\t\t\t\t<div class=\"elementor-widget-container\">\n\t\t\t\t\t<h6 class=\"elementor-heading-title elementor-size-default\">\"Clamor Latin America is mobilizing prayer and hope in more than 25 countries across the region...<\/h6>\t\t\t\t<\/div>\n\t\t\t\t<\/div>\n\t\t\t\t<div class=\"elementor-element elementor-element-65e9282e elementor-widget elementor-widget-heading\" data-id=\"65e9282e\" data-element_type=\"widget\" data-widget_type=\"heading.default\">\n\t\t\t\t<div class=\"elementor-widget-container\">\n\t\t\t\t\t<h2 class=\"elementor-heading-title elementor-size-default\">... with your donation, you will be an active part of this integral transformation. Donate today and help us expand networks, calls, and resources that restore lives.\"<\/h2>\t\t\t\t<\/div>\n\t\t\t\t<\/div>\n\t\t\t\t<div class=\"elementor-element elementor-element-2b6892e0 elementor-widget-divider--view-line elementor-widget elementor-widget-divider\" data-id=\"2b6892e0\" data-element_type=\"widget\" data-widget_type=\"divider.default\">\n\t\t\t\t<div class=\"elementor-widget-container\">\n\t\t\t\t\t\t\t<div class=\"elementor-divider\">\n\t\t\t<span class=\"elementor-divider-separator\">\n\t\t\t\t\t\t<\/span>\n\t\t<\/div>\n\t\t\t\t\t\t<\/div>\n\t\t\t\t<\/div>\n\t\t\t\t\t<\/div>\n\t\t<\/div>\n\t\t\t\t\t<\/div>\n\t\t<\/section>\n\t\t\t\t<section class=\"elementor-section elementor-top-section elementor-element elementor-element-234ad2ca elementor-section-boxed elementor-section-height-default elementor-section-height-default\" data-id=\"234ad2ca\" data-element_type=\"section\" data-settings=\"{&quot;mdp_selection_sticky_effect_enable&quot;:false}\">\n\t\t\t\t\t\t<div class=\"elementor-container elementor-column-gap-no\">\n\t\t\t\t\t<div class=\"elementor-column elementor-col-25 elementor-top-column elementor-element elementor-element-665fb4eb elementor-invisible\" data-id=\"665fb4eb\" data-element_type=\"column\" data-settings=\"{&quot;background_background&quot;:&quot;classic&quot;,&quot;animation&quot;:&quot;fadeInUp&quot;,&quot;mdp_selection_sticky_column_effect_enable&quot;:false}\">\n\t\t\t<div class=\"elementor-widget-wrap elementor-element-populated\">\n\t\t\t\t\t\t<div class=\"elementor-element elementor-element-1a471071 elementor-widget elementor-widget-image\" data-id=\"1a471071\" data-element_type=\"widget\" data-widget_type=\"image.default\">\n\t\t\t\t<div class=\"elementor-widget-container\">\n\t\t\t\t\t\t\t\t\t\t\t\t\t\t\t<img decoding=\"async\" src=\"https:\/\/clamor.global\/wp-content\/uploads\/elementor\/thumbs\/paypal-20230201-1502061-rbkc64565mqjg3aogqf337mqf3bchaid7pi5n7gx08.webp\" title=\"paypal-20230201-1502061\" alt=\"paypal-20230201-1502061\" loading=\"lazy\" \/>\t\t\t\t\t\t\t\t\t\t\t\t\t\t\t<\/div>\n\t\t\t\t<\/div>\n\t\t\t\t<div class=\"elementor-element elementor-element-1dca23aa elementor-widget__width-auto elementor-widget elementor-widget-heading\" data-id=\"1dca23aa\" data-element_type=\"widget\" data-widget_type=\"heading.default\">\n\t\t\t\t<div class=\"elementor-widget-container\">\n\t\t\t\t\t<div class=\"elementor-heading-title elementor-size-default\">PAYPAL<\/div>\t\t\t\t<\/div>\n\t\t\t\t<\/div>\n\t\t\t\t<div class=\"elementor-element elementor-element-85459a4 elementor-widget elementor-widget-heading\" data-id=\"85459a4\" data-element_type=\"widget\" data-widget_type=\"heading.default\">\n\t\t\t\t<div class=\"elementor-widget-container\">\n\t\t\t\t\t<h5 class=\"elementor-heading-title elementor-size-default\">REQUIRES PAYPAL ACCOUNT<\/h5>\t\t\t\t<\/div>\n\t\t\t\t<\/div>\n\t\t\t\t<div class=\"elementor-element elementor-element-760c80c5 elementor-widget elementor-widget-text-editor\" data-id=\"760c80c5\" data-element_type=\"widget\" data-widget_type=\"text-editor.default\">\n\t\t\t\t<div class=\"elementor-widget-container\">\n\t\t\t\t\t\t\t\t\t<p style=\"text-align: center;\">The PayPal account is under the name KASHLEY Creative Digital Studio, but the payments come to us directly, so you can make the payment without any issues.<\/p>\t\t\t\t\t\t\t\t<\/div>\n\t\t\t\t<\/div>\n\t\t\t\t<div class=\"elementor-element elementor-element-48b3a0e7 elementor-widget-mobile__width-inherit elementor-invisible elementor-widget elementor-widget-mdp-buttoner-elementor\" data-id=\"48b3a0e7\" data-element_type=\"widget\" data-settings=\"{&quot;_animation&quot;:&quot;zoomIn&quot;}\" data-widget_type=\"mdp-buttoner-elementor.default\">\n\t\t\t\t<div class=\"elementor-widget-container\">\n\t\t\t\t\t        <style>\n            .mdp-buttoner-container-48b3a0e7 .mdp-buttoner-link { cursor: pointer; }         <\/style>\n                <!-- Start Buttoner for Elementor WordPress Plugin -->\n        <div class=\"mdp-buttoner-container mdp-buttoner-container-48b3a0e7\">\n            <a id=\"\"\n               href=\"https:\/\/paypal.me\/kashleyservices\"\n               class=\"mdp-buttoner-link elementor-animation-\"\n\t\t\t\t target=\"&quot;_blank&quot;\" \t\t\t\t rel=\"&quot;nofollow&quot;\"             >\n\n\t\t        <span >\n\n\t\t\t        \n                    <span class=\"mdp-buttoner-text\">MAKE A DONATION<\/span>\n\n                            <span class=\"mdp-buttoner-icon\">\n            <i aria-hidden=\"true\" class=\"fas fa-heart\"><\/i>\n        <\/span>\n\t\t\n\t\t        <\/span>\n\n            <\/a>\n        <\/div>\n        <!-- End Buttoner for Elementor WordPress Plugin -->\n\t\t\t\t\t\t<\/div>\n\t\t\t\t<\/div>\n\t\t\t\t\t<\/div>\n\t\t<\/div>\n\t\t\t\t<div class=\"elementor-column elementor-col-25 elementor-top-column elementor-element elementor-element-6a4b4b28 elementor-invisible\" data-id=\"6a4b4b28\" data-element_type=\"column\" data-settings=\"{&quot;background_background&quot;:&quot;classic&quot;,&quot;animation&quot;:&quot;fadeInUp&quot;,&quot;mdp_selection_sticky_column_effect_enable&quot;:false}\">\n\t\t\t<div class=\"elementor-widget-wrap elementor-element-populated\">\n\t\t\t\t\t\t<div class=\"elementor-element elementor-element-29e9c4d4 elementor-widget elementor-widget-image\" data-id=\"29e9c4d4\" data-element_type=\"widget\" data-widget_type=\"image.default\">\n\t\t\t\t<div class=\"elementor-widget-container\">\n\t\t\t\t\t\t\t\t\t\t\t\t\t\t\t<img decoding=\"async\" src=\"https:\/\/clamor.global\/wp-content\/uploads\/elementor\/thumbs\/QR-MERU-WEB-1-rbkdhdh1rrfj6anei5ttgab1midphg4j1mb0a1ec60.jpg\" title=\"QR-MERU-WEB\" alt=\"QR-MERU-WEB\" loading=\"lazy\" \/>\t\t\t\t\t\t\t\t\t\t\t\t\t\t\t<\/div>\n\t\t\t\t<\/div>\n\t\t\t\t<div class=\"elementor-element elementor-element-78215ef elementor-widget__width-auto elementor-widget elementor-widget-heading\" data-id=\"78215ef\" data-element_type=\"widget\" data-widget_type=\"heading.default\">\n\t\t\t\t<div class=\"elementor-widget-container\">\n\t\t\t\t\t<div class=\"elementor-heading-title elementor-size-default\">MERU<\/div>\t\t\t\t<\/div>\n\t\t\t\t<\/div>\n\t\t\t\t<div class=\"elementor-element elementor-element-78afbcb3 elementor-widget elementor-widget-heading\" data-id=\"78afbcb3\" data-element_type=\"widget\" data-widget_type=\"heading.default\">\n\t\t\t\t<div class=\"elementor-widget-container\">\n\t\t\t\t\t<h5 class=\"elementor-heading-title elementor-size-default\">REQUIRES MERU ACCOUNT<\/h5>\t\t\t\t<\/div>\n\t\t\t\t<\/div>\n\t\t\t\t<div class=\"elementor-element elementor-element-3bc4f7bc elementor-widget elementor-widget-text-editor\" data-id=\"3bc4f7bc\" data-element_type=\"widget\" data-widget_type=\"text-editor.default\">\n\t\t\t\t<div class=\"elementor-widget-container\">\n\t\t\t\t\t\t\t\t\t<p>From your Meru app, go to the send option and scan the QR code at the top.<\/p>\t\t\t\t\t\t\t\t<\/div>\n\t\t\t\t<\/div>\n\t\t\t\t<div class=\"elementor-element elementor-element-623761b9 elementor-widget-mobile__width-inherit elementor-invisible elementor-widget elementor-widget-mdp-buttoner-elementor\" data-id=\"623761b9\" data-element_type=\"widget\" data-settings=\"{&quot;_animation&quot;:&quot;zoomIn&quot;}\" data-widget_type=\"mdp-buttoner-elementor.default\">\n\t\t\t\t<div class=\"elementor-widget-container\">\n\t\t\t\t\t        <style>\n            .mdp-buttoner-container-623761b9 .mdp-buttoner-link { cursor: pointer; }         <\/style>\n                <!-- Start Buttoner for Elementor WordPress Plugin -->\n        <div class=\"mdp-buttoner-container mdp-buttoner-container-623761b9\">\n            <a id=\"\"\n               href=\"https:\/\/clamor.global\/wp-content\/uploads\/2025\/09\/QR-MERU-CLAMOR.jpg\"\n               class=\"mdp-buttoner-link elementor-animation-\"\n\t\t\t\t target=\"&quot;_blank&quot;\" \t\t\t\t rel=\"&quot;nofollow&quot;\"             >\n\n\t\t        <span >\n\n\t\t\t        \n                    <span class=\"mdp-buttoner-text\">DOWNLOAD QR<\/span>\n\n                            <span class=\"mdp-buttoner-icon\">\n            <i aria-hidden=\"true\" class=\"fas fa-heart\"><\/i>\n        <\/span>\n\t\t\n\t\t        <\/span>\n\n            <\/a>\n        <\/div>\n        <!-- End Buttoner for Elementor WordPress Plugin -->\n\t\t\t\t\t\t<\/div>\n\t\t\t\t<\/div>\n\t\t\t\t\t<\/div>\n\t\t<\/div>\n\t\t\t\t<div class=\"elementor-column elementor-col-25 elementor-top-column elementor-element elementor-element-4aaead1 elementor-invisible\" data-id=\"4aaead1\" data-element_type=\"column\" data-settings=\"{&quot;background_background&quot;:&quot;classic&quot;,&quot;animation&quot;:&quot;fadeInUp&quot;,&quot;mdp_selection_sticky_column_effect_enable&quot;:false}\">\n\t\t\t<div class=\"elementor-widget-wrap elementor-element-populated\">\n\t\t\t\t\t\t<div class=\"elementor-element elementor-element-1ffed3f3 elementor-widget elementor-widget-image\" data-id=\"1ffed3f3\" data-element_type=\"widget\" data-widget_type=\"image.default\">\n\t\t\t\t<div class=\"elementor-widget-container\">\n\t\t\t\t\t\t\t\t\t\t\t\t\t\t\t<img decoding=\"async\" src=\"https:\/\/clamor.global\/wp-content\/uploads\/elementor\/thumbs\/514c1ab4-3061-46c2-b465-30a97b2e6e2b-rbkdl12gckfobpc95qpl5d3ksgd3f2my7pmzgrz7yw.webp\" title=\"514c1ab4-3061-46c2-b465-30a97b2e6e2b\" alt=\"514c1ab4-3061-46c2-b465-30a97b2e6e2b\" loading=\"lazy\" \/>\t\t\t\t\t\t\t\t\t\t\t\t\t\t\t<\/div>\n\t\t\t\t<\/div>\n\t\t\t\t<div class=\"elementor-element elementor-element-b176db2 elementor-widget__width-auto elementor-widget elementor-widget-heading\" data-id=\"b176db2\" data-element_type=\"widget\" data-widget_type=\"heading.default\">\n\t\t\t\t<div class=\"elementor-widget-container\">\n\t\t\t\t\t<div class=\"elementor-heading-title elementor-size-default\">CREDIT OR DEBIT CARD<\/div>\t\t\t\t<\/div>\n\t\t\t\t<\/div>\n\t\t\t\t<div class=\"elementor-element elementor-element-7d18f448 elementor-widget elementor-widget-text-editor\" data-id=\"7d18f448\" data-element_type=\"widget\" data-widget_type=\"text-editor.default\">\n\t\t\t\t<div class=\"elementor-widget-container\">\n\t\t\t\t\t\t\t\t\t<p style=\"text-align: center;\">Click and contact us via WhatsApp to receive your donation link with a credit or debit card. We only need you to indicate the amount you wish to contribute so we can generate it.<\/p>\t\t\t\t\t\t\t\t<\/div>\n\t\t\t\t<\/div>\n\t\t\t\t<div class=\"elementor-element elementor-element-25d8085 elementor-widget-mobile__width-inherit elementor-invisible elementor-widget elementor-widget-mdp-buttoner-elementor\" data-id=\"25d8085\" data-element_type=\"widget\" data-settings=\"{&quot;_animation&quot;:&quot;zoomIn&quot;}\" data-widget_type=\"mdp-buttoner-elementor.default\">\n\t\t\t\t<div class=\"elementor-widget-container\">\n\t\t\t\t\t        <style>\n            .mdp-buttoner-container-25d8085 .mdp-buttoner-link { cursor: pointer; }         <\/style>\n                <!-- Start Buttoner for Elementor WordPress Plugin -->\n        <div class=\"mdp-buttoner-container mdp-buttoner-container-25d8085\">\n            <a id=\"\"\n               href=\"https:\/\/wa.me\/59176548788?text=Quiero%20hacer%20un%20donativo%20para%20Clamor%2C%20pueden%20enviarme%20un%20enlace%20de%20pago%20por%20favor\"\n               class=\"mdp-buttoner-link elementor-animation-\"\n\t\t\t\t target=\"&quot;_blank&quot;\" \t\t\t\t rel=\"&quot;nofollow&quot;\"             >\n\n\t\t        <span >\n\n\t\t\t        \n                    <span class=\"mdp-buttoner-text\">REQUEST PAYMENT LINK<\/span>\n\n                            <span class=\"mdp-buttoner-icon\">\n            <i aria-hidden=\"true\" class=\"fas fa-heart\"><\/i>\n        <\/span>\n\t\t\n\t\t        <\/span>\n\n            <\/a>\n        <\/div>\n        <!-- End Buttoner for Elementor WordPress Plugin -->\n\t\t\t\t\t\t<\/div>\n\t\t\t\t<\/div>\n\t\t\t\t\t<\/div>\n\t\t<\/div>\n\t\t\t\t<div class=\"elementor-column elementor-col-25 elementor-top-column elementor-element elementor-element-9c27dca elementor-invisible\" data-id=\"9c27dca\" data-element_type=\"column\" data-settings=\"{&quot;background_background&quot;:&quot;classic&quot;,&quot;animation&quot;:&quot;fadeInUp&quot;,&quot;mdp_selection_sticky_column_effect_enable&quot;:false}\">\n\t\t\t<div class=\"elementor-widget-wrap elementor-element-populated\">\n\t\t\t\t\t\t<div class=\"elementor-element elementor-element-94ad6de elementor-widget elementor-widget-image\" data-id=\"94ad6de\" data-element_type=\"widget\" data-widget_type=\"image.default\">\n\t\t\t\t<div class=\"elementor-widget-container\">\n\t\t\t\t\t\t\t\t\t\t\t\t\t\t\t<img decoding=\"async\" src=\"https:\/\/clamor.global\/wp-content\/uploads\/elementor\/thumbs\/leadbank-rbnxl8pu0gqb9znkfo0n8hwrhb2jz4x6g8v7gjc36g.webp\" title=\"leadbank\" alt=\"leadbank\" loading=\"lazy\" \/>\t\t\t\t\t\t\t\t\t\t\t\t\t\t\t<\/div>\n\t\t\t\t<\/div>\n\t\t\t\t<div class=\"elementor-element elementor-element-c44e539 elementor-widget__width-auto elementor-widget elementor-widget-heading\" data-id=\"c44e539\" data-element_type=\"widget\" data-widget_type=\"heading.default\">\n\t\t\t\t<div class=\"elementor-widget-container\">\n\t\t\t\t\t<div class=\"elementor-heading-title elementor-size-default\">ACH Bank Transfer<\/div>\t\t\t\t<\/div>\n\t\t\t\t<\/div>\n\t\t\t\t<div class=\"elementor-element elementor-element-3e6c62d elementor-widget elementor-widget-text-editor\" data-id=\"3e6c62d\" data-element_type=\"widget\" data-widget_type=\"text-editor.default\">\n\t\t\t\t<div class=\"elementor-widget-container\">\n\t\t\t\t\t\t\t\t\t<p style=\"text-align: center;\">Account holder name: <br \/><strong>Alejandro De La Torre<\/strong><br \/>Routing number: <strong>101019644<\/strong><br \/>Account number: <strong>210123324544<\/strong><br \/>Account type:<strong> Checking<\/strong> (Checking or Cheque)<br \/>Bank: <strong>Lead Bank<\/strong><br \/>Address: <strong>1801 Main St., Kansas City, MO 64108<\/strong><\/p>\t\t\t\t\t\t\t\t<\/div>\n\t\t\t\t<\/div>\n\t\t\t\t<div class=\"elementor-element elementor-element-c8bc749 elementor-widget elementor-widget-heading\" data-id=\"c8bc749\" data-element_type=\"widget\" data-widget_type=\"heading.default\">\n\t\t\t\t<div class=\"elementor-widget-container\">\n\t\t\t\t\t<h3 class=\"elementor-heading-title elementor-size-default\">UNITED STATES ONLY<\/h3>\t\t\t\t<\/div>\n\t\t\t\t<\/div>\n\t\t\t\t\t<\/div>\n\t\t<\/div>\n\t\t\t\t\t<\/div>\n\t\t<\/section>\n\t\t\t\t<\/div>","protected":false},"excerpt":{"rendered":"<p>Donaciones Inicio Agenda &#8220;Clamor Latinoam\u00e9rica est\u00e1 movilizando oraci\u00f3n y esperanza en m\u00e1s de 25 pa\u00edses de la regi\u00f3n&#8230; &#8230; con tu donaci\u00f3n, ser\u00e1s parte activa de esa transformaci\u00f3n integral. Dona hoy y ay\u00fadanos a expandir redes, convocatorias y recursos que restauran vidas.&#8221; PAYPAL REQUIERE CUENTA PAYPAL La cuenta de Paypal esta a nombre de KASHLEY [&hellip;]<\/p>","protected":false},"author":1,"featured_media":0,"parent":0,"menu_order":0,"comment_status":"closed","ping_status":"closed","template":"","meta":{"footnotes":""},"class_list":["post-3033","page","type-page","status-publish","hentry"],"_links":{"self":[{"href":"https:\/\/clamor.global\/en\/wp-json\/wp\/v2\/pages\/3033","targetHints":{"allow":["GET"]}}],"collection":[{"href":"https:\/\/clamor.global\/en\/wp-json\/wp\/v2\/pages"}],"about":[{"href":"https:\/\/clamor.global\/en\/wp-json\/wp\/v2\/types\/page"}],"author":[{"embeddable":true,"href":"https:\/\/clamor.global\/en\/wp-json\/wp\/v2\/users\/1"}],"replies":[{"embeddable":true,"href":"https:\/\/clamor.global\/en\/wp-json\/wp\/v2\/comments?post=3033"}],"version-history":[{"count":55,"href":"https:\/\/clamor.global\/en\/wp-json\/wp\/v2\/pages\/3033\/revisions"}],"predecessor-version":[{"id":3178,"href":"https:\/\/clamor.global\/en\/wp-json\/wp\/v2\/pages\/3033\/revisions\/3178"}],"wp:attachment":[{"href":"https:\/\/clamor.global\/en\/wp-json\/wp\/v2\/media?parent=3033"}],"curies":[{"name":"wp","href":"https:\/\/api.w.org\/{rel}","templated":true}]}}