{"id":1727,"date":"2023-04-02T02:25:23","date_gmt":"2023-04-02T02:25:23","guid":{"rendered":"http:\/\/clamor.global\/?page_id=1727"},"modified":"2023-04-11T00:29:01","modified_gmt":"2023-04-11T00:29:01","slug":"publicaciones","status":"publish","type":"page","link":"https:\/\/clamor.global\/pt\/publicaciones\/","title":{"rendered":"Publica\u00e7\u00f5es"},"content":{"rendered":"<div data-elementor-type=\"wp-page\" data-elementor-id=\"1727\" class=\"elementor elementor-1727\" data-elementor-post-type=\"page\">\n\t\t\t\t\t\t<section class=\"elementor-section elementor-top-section elementor-element elementor-element-384affba elementor-section-boxed elementor-section-height-default elementor-section-height-default\" data-id=\"384affba\" data-element_type=\"section\" data-settings=\"{&quot;background_background&quot;:&quot;classic&quot;,&quot;mdp_selection_sticky_effect_enable&quot;:false}\">\n\t\t\t\t\t\t\t<div class=\"elementor-background-overlay\"><\/div>\n\t\t\t\t\t\t\t<div class=\"elementor-container elementor-column-gap-no\">\n\t\t\t\t\t<div class=\"elementor-column elementor-col-100 elementor-top-column elementor-element elementor-element-69292e92\" data-id=\"69292e92\" data-element_type=\"column\" data-settings=\"{&quot;mdp_selection_sticky_column_effect_enable&quot;:false}\">\n\t\t\t<div class=\"elementor-widget-wrap elementor-element-populated\">\n\t\t\t\t\t\t<div class=\"elementor-element elementor-element-9d9683a elementor-widget-divider--view-line elementor-widget elementor-widget-divider\" data-id=\"9d9683a\" data-element_type=\"widget\" data-widget_type=\"divider.default\">\n\t\t\t\t<div class=\"elementor-widget-container\">\n\t\t\t\t\t\t\t<div class=\"elementor-divider\">\n\t\t\t<span class=\"elementor-divider-separator\">\n\t\t\t\t\t\t<\/span>\n\t\t<\/div>\n\t\t\t\t\t\t<\/div>\n\t\t\t\t<\/div>\n\t\t\t\t<div class=\"elementor-element elementor-element-666a4d61 elementor-widget elementor-widget-mdp-crumber-elementor\" data-id=\"666a4d61\" data-element_type=\"widget\" data-widget_type=\"mdp-crumber-elementor.default\">\n\t\t\t\t<div class=\"elementor-widget-container\">\n\t\t\t\t\t        <!-- Start Crumber for Elementor WordPress Plugin -->\n\t\t            <div class=\"mdp-crumber-elementor-box\">\n                <div class=\"mdp-crumber-elementor-breadcrumbs\">\n\t\t\t\t\t        <div class=\"mdp-crumber-elementor-breadcrumbs-item mdp-crumber-elementor-breadcrumbs-item-active mdp-crumber-elementor-breadcrumbs-icon-position-\">\n\t\t\t\t\t\t\t\t\t\t\t\t                    <span>Inicio<\/span>\n\t\t\t\t\t\t\t        <\/div>\n\t\t            <span class=\"mdp-crumber-elementor-separator mdp-crumber-elementor-separator-hide-last\">\n            <i aria-hidden=\"true\" class=\"fas fa-angle-double-right\"><\/i>        <\/span>\n\t\t\t\t        <div class=\"mdp-crumber-elementor-breadcrumbs-item  mdp-crumber-elementor-breadcrumbs-icon-position-\">\n\t\t\t\t\t\t\t\t\t\t\t\t                    <span>Publica\u00e7\u00f5es<\/span>\n\t\t\t\t\t\t\t        <\/div>\n\t\t            <span class=\"mdp-crumber-elementor-separator mdp-crumber-elementor-separator-hide-last\">\n            <i aria-hidden=\"true\" class=\"fas fa-angle-double-right\"><\/i>        <\/span>\n\t\t\t\t                <\/div>\n            <\/div>\n\t\t        <!-- End Crumber for Elementor WordPress Plugin -->\n\t\t\t\t\t\t<\/div>\n\t\t\t\t<\/div>\n\t\t\t\t\t<\/div>\n\t\t<\/div>\n\t\t\t\t\t<\/div>\n\t\t<\/section>\n\t\t\t\t<section class=\"elementor-section elementor-top-section elementor-element elementor-element-48a18312 elementor-section-boxed elementor-section-height-default elementor-section-height-default\" data-id=\"48a18312\" data-element_type=\"section\" data-settings=\"{&quot;mdp_selection_sticky_effect_enable&quot;:false}\">\n\t\t\t\t\t\t<div class=\"elementor-container elementor-column-gap-no\">\n\t\t\t\t\t<div class=\"elementor-column elementor-col-100 elementor-top-column elementor-element elementor-element-781bfd8f\" data-id=\"781bfd8f\" data-element_type=\"column\" data-settings=\"{&quot;mdp_selection_sticky_column_effect_enable&quot;:false}\">\n\t\t\t<div class=\"elementor-widget-wrap elementor-element-populated\">\n\t\t\t\t\t\t<div class=\"elementor-element elementor-element-1b2d008 elementor-grid-3 elementor-grid-tablet-2 elementor-grid-mobile-1 elementor-posts--thumbnail-top elementor-card-shadow-yes elementor-posts__hover-gradient load-more-align-center elementor-widget elementor-widget-posts\" data-id=\"1b2d008\" data-element_type=\"widget\" data-settings=\"{&quot;cards_row_gap&quot;:{&quot;unit&quot;:&quot;px&quot;,&quot;size&quot;:30,&quot;sizes&quot;:[]},&quot;pagination_type&quot;:&quot;load_more_on_click&quot;,&quot;cards_columns&quot;:&quot;3&quot;,&quot;cards_columns_tablet&quot;:&quot;2&quot;,&quot;cards_columns_mobile&quot;:&quot;1&quot;,&quot;cards_row_gap_tablet&quot;:{&quot;unit&quot;:&quot;px&quot;,&quot;size&quot;:&quot;&quot;,&quot;sizes&quot;:[]},&quot;cards_row_gap_mobile&quot;:{&quot;unit&quot;:&quot;px&quot;,&quot;size&quot;:&quot;&quot;,&quot;sizes&quot;:[]},&quot;load_more_spinner&quot;:{&quot;value&quot;:&quot;fas fa-spinner&quot;,&quot;library&quot;:&quot;fa-solid&quot;}}\" data-widget_type=\"posts.cards\">\n\t\t\t\t<div class=\"elementor-widget-container\">\n\t\t\t\t\t\t\t<div class=\"elementor-posts-container elementor-posts elementor-posts--skin-cards elementor-grid\" role=\"list\">\r\n\t\t\t\t<article class=\"elementor-post elementor-grid-item post-3316 post type-post status-publish format-standard has-post-thumbnail hentry category-calendario-de-oracion category-red-josias\" role=\"listitem\">\r\n\t\t\t<div class=\"elementor-post__card\">\r\n\t\t\t\t<a class=\"elementor-post__thumbnail__link\" href=\"https:\/\/clamor.global\/pt\/febrero-2026-calendario-de-oracion-red-josias\/\" tabindex=\"-1\" ><div class=\"elementor-post__thumbnail\"><img fetchpriority=\"high\" decoding=\"async\" width=\"300\" height=\"272\" src=\"https:\/\/clamor.global\/wp-content\/uploads\/2026\/01\/JOSIAS-FEBRERO-2026-CALENDARIO-copia-300x272.webp\" class=\"attachment-medium size-medium wp-image-3317\" alt=\"\" srcset=\"https:\/\/clamor.global\/wp-content\/uploads\/2026\/01\/JOSIAS-FEBRERO-2026-CALENDARIO-copia-300x272.webp 300w, https:\/\/clamor.global\/wp-content\/uploads\/2026\/01\/JOSIAS-FEBRERO-2026-CALENDARIO-copia-1024x928.webp 1024w, https:\/\/clamor.global\/wp-content\/uploads\/2026\/01\/JOSIAS-FEBRERO-2026-CALENDARIO-copia-768x696.webp 768w, https:\/\/clamor.global\/wp-content\/uploads\/2026\/01\/JOSIAS-FEBRERO-2026-CALENDARIO-copia-1536x1392.webp 1536w, https:\/\/clamor.global\/wp-content\/uploads\/2026\/01\/JOSIAS-FEBRERO-2026-CALENDARIO-copia-2048x1856.webp 2048w, https:\/\/clamor.global\/wp-content\/uploads\/2026\/01\/JOSIAS-FEBRERO-2026-CALENDARIO-copia-13x12.webp 13w\" sizes=\"(max-width: 300px) 100vw, 300px\" \/><\/div><\/a>\r\n\t\t\t\t<div class=\"elementor-post__badge\">Calend\u00e1rio de Ora\u00e7\u00e3o<\/div>\r\n\t\t\t\t<div class=\"elementor-post__text\">\r\n\t\t\t\t<h3 class=\"elementor-post__title\">\r\n\t\t\t<a href=\"https:\/\/clamor.global\/pt\/febrero-2026-calendario-de-oracion-red-josias\/\" >\r\n\t\t\t\tFEVEREIRO DE 2026 \u2013 CALEND\u00c1RIO DE ORA\u00c7\u00c3O DA REDE JOSIAS\t\t\t<\/a>\r\n\t\t<\/h3>\r\n\t\t\t\t<div class=\"elementor-post__excerpt\">\r\n\t\t\t<p>CALEND\u00c1RIO DE ORA\u00c7\u00c3O \u2013 FEVEREIRO DE 2026 BAIXAR CALEND\u00c1RIO PDF<\/p>\n\t\t<\/div>\r\n\t\t\r\n\t\t<a class=\"elementor-post__read-more\" href=\"https:\/\/clamor.global\/pt\/febrero-2026-calendario-de-oracion-red-josias\/\" aria-label=\"Read more about FEBRERO 2026 &#8211; CALENDARIO DE ORACION RED JOSIAS\" tabindex=\"-1\" >\r\n\t\t\tVer Publica\u00e7\u00e3o\t\t<\/a>\r\n\r\n\t\t\t\t<\/div>\r\n\t\t\t\t<div class=\"elementor-post__meta-data\">\r\n\t\t\t\t\t<span class=\"elementor-post-date\">\r\n\t\t\tjaneiro 21, 2026\t\t<\/span>\r\n\t\t\t\t<\/div>\r\n\t\t\t\t\t<\/div>\r\n\t\t<\/article>\r\n\t\t\t\t<article class=\"elementor-post elementor-grid-item post-3291 post type-post status-publish format-standard has-post-thumbnail hentry category-puntos-de-oracion\" role=\"listitem\">\r\n\t\t\t<div class=\"elementor-post__card\">\r\n\t\t\t\t<a class=\"elementor-post__thumbnail__link\" href=\"https:\/\/clamor.global\/pt\/puntos-de-oracion-por-venezuela\/\" tabindex=\"-1\" ><div class=\"elementor-post__thumbnail\"><img decoding=\"async\" width=\"300\" height=\"169\" src=\"https:\/\/clamor.global\/wp-content\/uploads\/2026\/01\/BANNER-VENEZUELA-2-300x169.webp\" class=\"attachment-medium size-medium wp-image-3292\" alt=\"\" srcset=\"https:\/\/clamor.global\/wp-content\/uploads\/2026\/01\/BANNER-VENEZUELA-2-300x169.webp 300w, https:\/\/clamor.global\/wp-content\/uploads\/2026\/01\/BANNER-VENEZUELA-2-1024x576.webp 1024w, https:\/\/clamor.global\/wp-content\/uploads\/2026\/01\/BANNER-VENEZUELA-2-768x432.webp 768w, https:\/\/clamor.global\/wp-content\/uploads\/2026\/01\/BANNER-VENEZUELA-2-1536x864.webp 1536w, https:\/\/clamor.global\/wp-content\/uploads\/2026\/01\/BANNER-VENEZUELA-2-18x10.webp 18w, https:\/\/clamor.global\/wp-content\/uploads\/2026\/01\/BANNER-VENEZUELA-2.webp 1920w\" sizes=\"(max-width: 300px) 100vw, 300px\" \/><\/div><\/a>\r\n\t\t\t\t<div class=\"elementor-post__badge\">Pontos de Ora\u00e7\u00e3o<\/div>\r\n\t\t\t\t<div class=\"elementor-post__text\">\r\n\t\t\t\t<h3 class=\"elementor-post__title\">\r\n\t\t\t<a href=\"https:\/\/clamor.global\/pt\/puntos-de-oracion-por-venezuela\/\" >\r\n\t\t\t\tPontos de Ora\u00e7\u00e3o pela Venezuela\t\t\t<\/a>\r\n\t\t<\/h3>\r\n\t\t\t\t<div class=\"elementor-post__excerpt\">\r\n\t\t\t<p>Pontos de Ora\u00e7\u00e3o pela Venezuela: CLAMAR por: 1. Exposi\u00e7\u00e3o da Verdade, A Justi\u00e7a<\/p>\n\t\t<\/div>\r\n\t\t\r\n\t\t<a class=\"elementor-post__read-more\" href=\"https:\/\/clamor.global\/pt\/puntos-de-oracion-por-venezuela\/\" aria-label=\"Read more about Puntos de Oracion por Venezuela\" tabindex=\"-1\" >\r\n\t\t\tVer Publica\u00e7\u00e3o\t\t<\/a>\r\n\r\n\t\t\t\t<\/div>\r\n\t\t\t\t<div class=\"elementor-post__meta-data\">\r\n\t\t\t\t\t<span class=\"elementor-post-date\">\r\n\t\t\tjaneiro 16, 2026\t\t<\/span>\r\n\t\t\t\t<\/div>\r\n\t\t\t\t\t<\/div>\r\n\t\t<\/article>\r\n\t\t\t\t<article class=\"elementor-post elementor-grid-item post-3273 post type-post status-publish format-standard has-post-thumbnail hentry category-calendario-de-oracion category-red-josias\" role=\"listitem\">\r\n\t\t\t<div class=\"elementor-post__card\">\r\n\t\t\t\t<a class=\"elementor-post__thumbnail__link\" href=\"https:\/\/clamor.global\/pt\/diciembre-2025-calendario-de-oracion-red-josias\/\" tabindex=\"-1\" ><div class=\"elementor-post__thumbnail\"><img decoding=\"async\" width=\"300\" height=\"272\" src=\"https:\/\/clamor.global\/wp-content\/uploads\/2025\/12\/WhatsApp-Image-2025-12-17-at-6.15.34-PM-300x272.jpeg\" class=\"attachment-medium size-medium wp-image-3259\" alt=\"\" srcset=\"https:\/\/clamor.global\/wp-content\/uploads\/2025\/12\/WhatsApp-Image-2025-12-17-at-6.15.34-PM-300x272.jpeg 300w, https:\/\/clamor.global\/wp-content\/uploads\/2025\/12\/WhatsApp-Image-2025-12-17-at-6.15.34-PM-1024x927.jpeg 1024w, https:\/\/clamor.global\/wp-content\/uploads\/2025\/12\/WhatsApp-Image-2025-12-17-at-6.15.34-PM-768x695.jpeg 768w, https:\/\/clamor.global\/wp-content\/uploads\/2025\/12\/WhatsApp-Image-2025-12-17-at-6.15.34-PM.jpeg 1280w\" sizes=\"(max-width: 300px) 100vw, 300px\" \/><\/div><\/a>\r\n\t\t\t\t<div class=\"elementor-post__badge\">Calend\u00e1rio de Ora\u00e7\u00e3o<\/div>\r\n\t\t\t\t<div class=\"elementor-post__text\">\r\n\t\t\t\t<h3 class=\"elementor-post__title\">\r\n\t\t\t<a href=\"https:\/\/clamor.global\/pt\/diciembre-2025-calendario-de-oracion-red-josias\/\" >\r\n\t\t\t\tDEZEMBRO DE 2025 \u2013 CALEND\u00c1RIO DE ORA\u00c7\u00c3O DA REDE JOSIAS\t\t\t<\/a>\r\n\t\t<\/h3>\r\n\t\t\t\t<div class=\"elementor-post__excerpt\">\r\n\t\t\t<p>CALEND\u00c1RIO DE ORA\u00c7\u00c3O \u2013 DEZEMBRO 2025 BAIXAR CALEND\u00c1RIO PDF \u201cDa boca das crian\u00e7as<\/p>\n\t\t<\/div>\r\n\t\t\r\n\t\t<a class=\"elementor-post__read-more\" href=\"https:\/\/clamor.global\/pt\/diciembre-2025-calendario-de-oracion-red-josias\/\" aria-label=\"Read more about DICIEMBRE 2025 &#8211; CALENDARIO DE ORACION RED JOSIAS\" tabindex=\"-1\" >\r\n\t\t\tVer Publica\u00e7\u00e3o\t\t<\/a>\r\n\r\n\t\t\t\t<\/div>\r\n\t\t\t\t<div class=\"elementor-post__meta-data\">\r\n\t\t\t\t\t<span class=\"elementor-post-date\">\r\n\t\t\tdezembro 1, 2025\t\t<\/span>\r\n\t\t\t\t<\/div>\r\n\t\t\t\t\t<\/div>\r\n\t\t<\/article>\r\n\t\t\t\t<article class=\"elementor-post elementor-grid-item post-3258 post type-post status-publish format-standard has-post-thumbnail hentry category-calendario-de-oracion category-red-josias\" role=\"listitem\">\r\n\t\t\t<div class=\"elementor-post__card\">\r\n\t\t\t\t<a class=\"elementor-post__thumbnail__link\" href=\"https:\/\/clamor.global\/pt\/octubre-2025-calendario-de-oracion-red-josias\/\" tabindex=\"-1\" ><div class=\"elementor-post__thumbnail\"><img loading=\"lazy\" decoding=\"async\" width=\"300\" height=\"272\" src=\"https:\/\/clamor.global\/wp-content\/uploads\/2025\/12\/WhatsApp-Image-2025-12-17-at-6.14.40-PM-300x272.jpeg\" class=\"attachment-medium size-medium wp-image-3260\" alt=\"\" srcset=\"https:\/\/clamor.global\/wp-content\/uploads\/2025\/12\/WhatsApp-Image-2025-12-17-at-6.14.40-PM-300x272.jpeg 300w, https:\/\/clamor.global\/wp-content\/uploads\/2025\/12\/WhatsApp-Image-2025-12-17-at-6.14.40-PM-1024x927.jpeg 1024w, https:\/\/clamor.global\/wp-content\/uploads\/2025\/12\/WhatsApp-Image-2025-12-17-at-6.14.40-PM-768x696.jpeg 768w, https:\/\/clamor.global\/wp-content\/uploads\/2025\/12\/WhatsApp-Image-2025-12-17-at-6.14.40-PM-1536x1391.jpeg 1536w, https:\/\/clamor.global\/wp-content\/uploads\/2025\/12\/WhatsApp-Image-2025-12-17-at-6.14.40-PM.jpeg 1600w\" sizes=\"(max-width: 300px) 100vw, 300px\" \/><\/div><\/a>\r\n\t\t\t\t<div class=\"elementor-post__badge\">Calend\u00e1rio de Ora\u00e7\u00e3o<\/div>\r\n\t\t\t\t<div class=\"elementor-post__text\">\r\n\t\t\t\t<h3 class=\"elementor-post__title\">\r\n\t\t\t<a href=\"https:\/\/clamor.global\/pt\/octubre-2025-calendario-de-oracion-red-josias\/\" >\r\n\t\t\t\tOUTUBRO DE 2025 \u2013 CALEND\u00c1RIO DE ORA\u00c7\u00c3O DA REDE JOSIAS\t\t\t<\/a>\r\n\t\t<\/h3>\r\n\t\t\t\t<div class=\"elementor-post__excerpt\">\r\n\t\t\t<p>CALEND\u00c1RIO DE ORA\u00c7\u00c3O \u2013 OUTUBRO DE 2025 BAIXAR CALEND\u00c1RIO PDF \u201cDa boca das crian\u00e7as<\/p>\n\t\t<\/div>\r\n\t\t\r\n\t\t<a class=\"elementor-post__read-more\" href=\"https:\/\/clamor.global\/pt\/octubre-2025-calendario-de-oracion-red-josias\/\" aria-label=\"Read more about OCTUBRE 2025 &#8211; CALENDARIO DE ORACION RED JOSIAS\" tabindex=\"-1\" >\r\n\t\t\tVer Publica\u00e7\u00e3o\t\t<\/a>\r\n\r\n\t\t\t\t<\/div>\r\n\t\t\t\t<div class=\"elementor-post__meta-data\">\r\n\t\t\t\t\t<span class=\"elementor-post-date\">\r\n\t\t\toutubro 1, 2025\t\t<\/span>\r\n\t\t\t\t<\/div>\r\n\t\t\t\t\t<\/div>\r\n\t\t<\/article>\r\n\t\t\t\t<article class=\"elementor-post elementor-grid-item post-3190 post type-post status-publish format-standard has-post-thumbnail hentry category-publicaciones\" role=\"listitem\">\r\n\t\t\t<div class=\"elementor-post__card\">\r\n\t\t\t\t<a class=\"elementor-post__thumbnail__link\" href=\"https:\/\/clamor.global\/pt\/comferencia-profetica-brasil-2025\/\" tabindex=\"-1\" ><div class=\"elementor-post__thumbnail\"><img loading=\"lazy\" decoding=\"async\" width=\"240\" height=\"300\" src=\"https:\/\/clamor.global\/wp-content\/uploads\/2025\/10\/\ud83d\udd25-A-Conferencia-Profetica-2025-\u2013-CLAMOR-esta-chegandoDias-19-e-20-de-setembro-um-tempo-podero-240x300.jpg\" class=\"attachment-medium size-medium wp-image-3191\" alt=\"\" srcset=\"https:\/\/clamor.global\/wp-content\/uploads\/2025\/10\/\ud83d\udd25-A-Conferencia-Profetica-2025-\u2013-CLAMOR-esta-chegandoDias-19-e-20-de-setembro-um-tempo-podero-240x300.jpg 240w, https:\/\/clamor.global\/wp-content\/uploads\/2025\/10\/\ud83d\udd25-A-Conferencia-Profetica-2025-\u2013-CLAMOR-esta-chegandoDias-19-e-20-de-setembro-um-tempo-podero-819x1024.jpg 819w, https:\/\/clamor.global\/wp-content\/uploads\/2025\/10\/\ud83d\udd25-A-Conferencia-Profetica-2025-\u2013-CLAMOR-esta-chegandoDias-19-e-20-de-setembro-um-tempo-podero-768x960.jpg 768w, https:\/\/clamor.global\/wp-content\/uploads\/2025\/10\/\ud83d\udd25-A-Conferencia-Profetica-2025-\u2013-CLAMOR-esta-chegandoDias-19-e-20-de-setembro-um-tempo-podero.jpg 1080w\" sizes=\"(max-width: 240px) 100vw, 240px\" \/><\/div><\/a>\r\n\t\t\t\t<div class=\"elementor-post__badge\">Publica\u00e7\u00f5es<\/div>\r\n\t\t\t\t<div class=\"elementor-post__text\">\r\n\t\t\t\t<h3 class=\"elementor-post__title\">\r\n\t\t\t<a href=\"https:\/\/clamor.global\/pt\/comferencia-profetica-brasil-2025\/\" >\r\n\t\t\t\tConfer\u00eancia Prof\u00e9tica Brasil 2025\t\t\t<\/a>\r\n\t\t<\/h3>\r\n\t\t\t\t<div class=\"elementor-post__excerpt\">\r\n\t\t\t<p>https:\/\/youtu.be\/Sb0T-2-yG9Qhttps:\/\/youtu.be\/UZq_yIbLKfkhttps:\/\/youtu.be\/DGcxtVvPW7chttps:\/\/youtu.be\/2151xkE8JNIhttps:\/\/youtu.be\/p7-7jptqCQ4 Galer\u00eda de Fotos y Videos<\/p>\n\t\t<\/div>\r\n\t\t\r\n\t\t<a class=\"elementor-post__read-more\" href=\"https:\/\/clamor.global\/pt\/comferencia-profetica-brasil-2025\/\" aria-label=\"Read more about Conferencia Prof\u00e9tica Brasil 2025\" tabindex=\"-1\" >\r\n\t\t\tVer Publica\u00e7\u00e3o\t\t<\/a>\r\n\r\n\t\t\t\t<\/div>\r\n\t\t\t\t<div class=\"elementor-post__meta-data\">\r\n\t\t\t\t\t<span class=\"elementor-post-date\">\r\n\t\t\tsetembro 24, 2025\t\t<\/span>\r\n\t\t\t\t<\/div>\r\n\t\t\t\t\t<\/div>\r\n\t\t<\/article>\r\n\t\t\t\t<article class=\"elementor-post elementor-grid-item post-2989 post type-post status-publish format-standard has-post-thumbnail hentry category-puntos-de-oracion\" role=\"listitem\">\r\n\t\t\t<div class=\"elementor-post__card\">\r\n\t\t\t\t<a class=\"elementor-post__thumbnail__link\" href=\"https:\/\/clamor.global\/pt\/puntos-de-oracion-continental-2025\/\" tabindex=\"-1\" ><div class=\"elementor-post__thumbnail\"><img loading=\"lazy\" decoding=\"async\" width=\"300\" height=\"300\" src=\"https:\/\/clamor.global\/wp-content\/uploads\/2025\/08\/PLANTILLA-CLAMOR-PEDIDOS-300x300.png\" class=\"attachment-medium size-medium wp-image-2992\" alt=\"\" srcset=\"https:\/\/clamor.global\/wp-content\/uploads\/2025\/08\/PLANTILLA-CLAMOR-PEDIDOS-300x300.png 300w, https:\/\/clamor.global\/wp-content\/uploads\/2025\/08\/PLANTILLA-CLAMOR-PEDIDOS-1024x1024.png 1024w, https:\/\/clamor.global\/wp-content\/uploads\/2025\/08\/PLANTILLA-CLAMOR-PEDIDOS-150x150.png 150w, https:\/\/clamor.global\/wp-content\/uploads\/2025\/08\/PLANTILLA-CLAMOR-PEDIDOS-768x768.png 768w, https:\/\/clamor.global\/wp-content\/uploads\/2025\/08\/PLANTILLA-CLAMOR-PEDIDOS.png 1200w\" sizes=\"(max-width: 300px) 100vw, 300px\" \/><\/div><\/a>\r\n\t\t\t\t<div class=\"elementor-post__badge\">Pontos de Ora\u00e7\u00e3o<\/div>\r\n\t\t\t\t<div class=\"elementor-post__text\">\r\n\t\t\t\t<h3 class=\"elementor-post__title\">\r\n\t\t\t<a href=\"https:\/\/clamor.global\/pt\/puntos-de-oracion-continental-2025\/\" >\r\n\t\t\t\tPontos de Ora\u00e7\u00e3o Continental 2025\t\t\t<\/a>\r\n\t\t<\/h3>\r\n\t\t\t\t<div class=\"elementor-post__excerpt\">\r\n\t\t\t<p>GUIA DE ORA\u00c7\u00c3O ELEI\u00c7\u00d5ES M\u00c9XICO 2024 Baixar PDF<\/p>\n\t\t<\/div>\r\n\t\t\r\n\t\t<a class=\"elementor-post__read-more\" href=\"https:\/\/clamor.global\/pt\/puntos-de-oracion-continental-2025\/\" aria-label=\"Read more about Puntos de Oracion Continental 2025\" tabindex=\"-1\" >\r\n\t\t\tVer Publica\u00e7\u00e3o\t\t<\/a>\r\n\r\n\t\t\t\t<\/div>\r\n\t\t\t\t<div class=\"elementor-post__meta-data\">\r\n\t\t\t\t\t<span class=\"elementor-post-date\">\r\n\t\t\t4 de agosto de 2025\t\t<\/span>\r\n\t\t\t\t<\/div>\r\n\t\t\t\t\t<\/div>\r\n\t\t<\/article>\r\n\t\t\t\t<\/div>\r\n\t\t\t\t\t<span class=\"e-load-more-spinner\">\r\n\t\t\t\t<i aria-hidden=\"true\" class=\"fas fa-spinner\"><\/i>\t\t\t<\/span>\r\n\t\t\r\n\t\t\t\t<div class=\"e-load-more-anchor\" data-page=\"1\" data-max-page=\"11\" data-next-page=\"https:\/\/clamor.global\/wp-json\/wp\/v2\/pages\/1727\/page\/2\/\"><\/div>\r\n\t\t\t\t<div class=\"elementor-button-wrapper\">\r\n\t\t\t<a class=\"elementor-button elementor-size-sm\" role=\"button\">\r\n\t\t\t\t\t\t<span class=\"elementor-button-content-wrapper\">\r\n\t\t\t\t\t\t\t\t\t<span class=\"elementor-button-text\">Mais Publica\u00e7\u00f5es<\/span>\r\n\t\t\t\t\t<\/span>\r\n\t\t\t\t\t<\/a>\r\n\t\t<\/div>\r\n\t\t\t\t<div class=\"e-load-more-message\"><\/div>\r\n\t\t\t\t\t\t<\/div>\n\t\t\t\t<\/div>\n\t\t\t\t\t<\/div>\n\t\t<\/div>\n\t\t\t\t\t<\/div>\n\t\t<\/section>\n\t\t\t\t<\/div>","protected":false},"excerpt":{"rendered":"<p>Inicio Publicaciones<\/p>","protected":false},"author":1,"featured_media":0,"parent":0,"menu_order":0,"comment_status":"closed","ping_status":"closed","template":"","meta":{"footnotes":""},"class_list":["post-1727","page","type-page","status-publish","hentry"],"_links":{"self":[{"href":"https:\/\/clamor.global\/pt\/wp-json\/wp\/v2\/pages\/1727","targetHints":{"allow":["GET"]}}],"collection":[{"href":"https:\/\/clamor.global\/pt\/wp-json\/wp\/v2\/pages"}],"about":[{"href":"https:\/\/clamor.global\/pt\/wp-json\/wp\/v2\/types\/page"}],"author":[{"embeddable":true,"href":"https:\/\/clamor.global\/pt\/wp-json\/wp\/v2\/users\/1"}],"replies":[{"embeddable":true,"href":"https:\/\/clamor.global\/pt\/wp-json\/wp\/v2\/comments?post=1727"}],"version-history":[{"count":41,"href":"https:\/\/clamor.global\/pt\/wp-json\/wp\/v2\/pages\/1727\/revisions"}],"predecessor-version":[{"id":1884,"href":"https:\/\/clamor.global\/pt\/wp-json\/wp\/v2\/pages\/1727\/revisions\/1884"}],"wp:attachment":[{"href":"https:\/\/clamor.global\/pt\/wp-json\/wp\/v2\/media?parent=1727"}],"curies":[{"name":"wp","href":"https:\/\/api.w.org\/{rel}","templated":true}]}}