{"id":2774,"date":"2024-05-13T21:43:20","date_gmt":"2024-05-13T21:43:20","guid":{"rendered":"http:\/\/clamor.global\/?page_id=2774"},"modified":"2024-05-13T21:46:23","modified_gmt":"2024-05-13T21:46:23","slug":"punto-de-oracion","status":"publish","type":"page","link":"https:\/\/clamor.global\/pt\/punto-de-oracion\/","title":{"rendered":"Pontos de Ora\u00e7\u00e3o"},"content":{"rendered":"<div data-elementor-type=\"wp-page\" data-elementor-id=\"2774\" class=\"elementor elementor-2774\" data-elementor-post-type=\"page\">\n\t\t\t\t\t\t<section class=\"elementor-section elementor-top-section elementor-element elementor-element-384affba elementor-section-boxed elementor-section-height-default elementor-section-height-default\" data-id=\"384affba\" data-element_type=\"section\" data-settings=\"{&quot;background_background&quot;:&quot;classic&quot;,&quot;mdp_selection_sticky_effect_enable&quot;:false}\">\n\t\t\t\t\t\t\t<div class=\"elementor-background-overlay\"><\/div>\n\t\t\t\t\t\t\t<div class=\"elementor-container elementor-column-gap-no\">\n\t\t\t\t\t<div class=\"elementor-column elementor-col-100 elementor-top-column elementor-element elementor-element-69292e92\" data-id=\"69292e92\" data-element_type=\"column\" data-settings=\"{&quot;mdp_selection_sticky_column_effect_enable&quot;:false}\">\n\t\t\t<div class=\"elementor-widget-wrap elementor-element-populated\">\n\t\t\t\t\t\t<div class=\"elementor-element elementor-element-9d9683a elementor-widget-divider--view-line elementor-widget elementor-widget-divider\" data-id=\"9d9683a\" data-element_type=\"widget\" data-widget_type=\"divider.default\">\n\t\t\t\t<div class=\"elementor-widget-container\">\n\t\t\t\t\t\t\t<div class=\"elementor-divider\">\n\t\t\t<span class=\"elementor-divider-separator\">\n\t\t\t\t\t\t<\/span>\n\t\t<\/div>\n\t\t\t\t\t\t<\/div>\n\t\t\t\t<\/div>\n\t\t\t\t<div class=\"elementor-element elementor-element-666a4d61 elementor-widget elementor-widget-mdp-crumber-elementor\" data-id=\"666a4d61\" data-element_type=\"widget\" data-widget_type=\"mdp-crumber-elementor.default\">\n\t\t\t\t<div class=\"elementor-widget-container\">\n\t\t\t\t\t        <!-- Start Crumber for Elementor WordPress Plugin -->\n\t\t            <div class=\"mdp-crumber-elementor-box\">\n                <div class=\"mdp-crumber-elementor-breadcrumbs\">\n\t\t\t\t\t        <div class=\"mdp-crumber-elementor-breadcrumbs-item mdp-crumber-elementor-breadcrumbs-item-active mdp-crumber-elementor-breadcrumbs-icon-position-\">\n\t\t\t\t\t\t\t\t\t\t\t\t                    <a href=\"http:\/\/clamor.global\/pt\/\">Inicio<\/a>\n\t\t\t\t\t\t\t        <\/div>\n\t\t            <span class=\"mdp-crumber-elementor-separator mdp-crumber-elementor-separator-hide-last\">\n            <i aria-hidden=\"true\" class=\"fas fa-angle-double-right\"><\/i>        <\/span>\n\t\t\t\t        <div class=\"mdp-crumber-elementor-breadcrumbs-item  mdp-crumber-elementor-breadcrumbs-icon-position-\">\n\t\t\t\t\t\t\t\t\t\t\t\t                    <span>Ponto de Ora\u00e7\u00e3o<\/span>\n\t\t\t\t\t\t\t        <\/div>\n\t\t            <span class=\"mdp-crumber-elementor-separator mdp-crumber-elementor-separator-hide-last\">\n            <i aria-hidden=\"true\" class=\"fas fa-angle-double-right\"><\/i>        <\/span>\n\t\t\t\t                <\/div>\n            <\/div>\n\t\t        <!-- End Crumber for Elementor WordPress Plugin -->\n\t\t\t\t\t\t<\/div>\n\t\t\t\t<\/div>\n\t\t\t\t\t<\/div>\n\t\t<\/div>\n\t\t\t\t\t<\/div>\n\t\t<\/section>\n\t\t\t\t<section class=\"elementor-section elementor-top-section elementor-element elementor-element-48a18312 elementor-section-boxed elementor-section-height-default elementor-section-height-default\" data-id=\"48a18312\" data-element_type=\"section\" data-settings=\"{&quot;mdp_selection_sticky_effect_enable&quot;:false}\">\n\t\t\t\t\t\t<div class=\"elementor-container elementor-column-gap-no\">\n\t\t\t\t\t<div class=\"elementor-column elementor-col-100 elementor-top-column elementor-element elementor-element-781bfd8f\" data-id=\"781bfd8f\" data-element_type=\"column\" data-settings=\"{&quot;mdp_selection_sticky_column_effect_enable&quot;:false}\">\n\t\t\t<div class=\"elementor-widget-wrap elementor-element-populated\">\n\t\t\t\t\t\t<div class=\"elementor-element elementor-element-1b2d008 elementor-grid-3 elementor-grid-tablet-2 elementor-grid-mobile-1 elementor-posts--thumbnail-top elementor-card-shadow-yes elementor-posts__hover-gradient load-more-align-center elementor-widget elementor-widget-posts\" data-id=\"1b2d008\" data-element_type=\"widget\" data-settings=\"{&quot;cards_row_gap&quot;:{&quot;unit&quot;:&quot;px&quot;,&quot;size&quot;:30,&quot;sizes&quot;:[]},&quot;pagination_type&quot;:&quot;load_more_on_click&quot;,&quot;cards_columns&quot;:&quot;3&quot;,&quot;cards_columns_tablet&quot;:&quot;2&quot;,&quot;cards_columns_mobile&quot;:&quot;1&quot;,&quot;cards_row_gap_tablet&quot;:{&quot;unit&quot;:&quot;px&quot;,&quot;size&quot;:&quot;&quot;,&quot;sizes&quot;:[]},&quot;cards_row_gap_mobile&quot;:{&quot;unit&quot;:&quot;px&quot;,&quot;size&quot;:&quot;&quot;,&quot;sizes&quot;:[]},&quot;load_more_spinner&quot;:{&quot;value&quot;:&quot;fas fa-spinner&quot;,&quot;library&quot;:&quot;fa-solid&quot;}}\" data-widget_type=\"posts.cards\">\n\t\t\t\t<div class=\"elementor-widget-container\">\n\t\t\t\t\t\t\t<div class=\"elementor-posts-container elementor-posts elementor-posts--skin-cards elementor-grid\" role=\"list\">\r\n\t\t\t\t<article class=\"elementor-post elementor-grid-item post-3291 post type-post status-publish format-standard has-post-thumbnail hentry category-puntos-de-oracion\" role=\"listitem\">\r\n\t\t\t<div class=\"elementor-post__card\">\r\n\t\t\t\t<a class=\"elementor-post__thumbnail__link\" href=\"https:\/\/clamor.global\/pt\/puntos-de-oracion-por-venezuela\/\" tabindex=\"-1\" ><div class=\"elementor-post__thumbnail\"><img fetchpriority=\"high\" decoding=\"async\" width=\"300\" height=\"169\" src=\"https:\/\/clamor.global\/wp-content\/uploads\/2026\/01\/BANNER-VENEZUELA-2-300x169.webp\" class=\"attachment-medium size-medium wp-image-3292\" alt=\"\" srcset=\"https:\/\/clamor.global\/wp-content\/uploads\/2026\/01\/BANNER-VENEZUELA-2-300x169.webp 300w, https:\/\/clamor.global\/wp-content\/uploads\/2026\/01\/BANNER-VENEZUELA-2-1024x576.webp 1024w, https:\/\/clamor.global\/wp-content\/uploads\/2026\/01\/BANNER-VENEZUELA-2-768x432.webp 768w, https:\/\/clamor.global\/wp-content\/uploads\/2026\/01\/BANNER-VENEZUELA-2-1536x864.webp 1536w, https:\/\/clamor.global\/wp-content\/uploads\/2026\/01\/BANNER-VENEZUELA-2-18x10.webp 18w, https:\/\/clamor.global\/wp-content\/uploads\/2026\/01\/BANNER-VENEZUELA-2.webp 1920w\" sizes=\"(max-width: 300px) 100vw, 300px\" \/><\/div><\/a>\r\n\t\t\t\t<div class=\"elementor-post__badge\">Pontos de Ora\u00e7\u00e3o<\/div>\r\n\t\t\t\t<div class=\"elementor-post__text\">\r\n\t\t\t\t<h3 class=\"elementor-post__title\">\r\n\t\t\t<a href=\"https:\/\/clamor.global\/pt\/puntos-de-oracion-por-venezuela\/\" >\r\n\t\t\t\tPontos de Ora\u00e7\u00e3o pela Venezuela\t\t\t<\/a>\r\n\t\t<\/h3>\r\n\t\t\t\t<div class=\"elementor-post__excerpt\">\r\n\t\t\t<p>Pontos de Ora\u00e7\u00e3o pela Venezuela: CLAMAR por: 1. Exposi\u00e7\u00e3o da Verdade, A Justi\u00e7a<\/p>\n\t\t<\/div>\r\n\t\t\r\n\t\t<a class=\"elementor-post__read-more\" href=\"https:\/\/clamor.global\/pt\/puntos-de-oracion-por-venezuela\/\" aria-label=\"Read more about Puntos de Oracion por Venezuela\" tabindex=\"-1\" >\r\n\t\t\tVer Publica\u00e7\u00e3o\t\t<\/a>\r\n\r\n\t\t\t\t<\/div>\r\n\t\t\t\t<div class=\"elementor-post__meta-data\">\r\n\t\t\t\t\t<span class=\"elementor-post-date\">\r\n\t\t\tjaneiro 16, 2026\t\t<\/span>\r\n\t\t\t\t<\/div>\r\n\t\t\t\t\t<\/div>\r\n\t\t<\/article>\r\n\t\t\t\t<article class=\"elementor-post elementor-grid-item post-2989 post type-post status-publish format-standard has-post-thumbnail hentry category-puntos-de-oracion\" role=\"listitem\">\r\n\t\t\t<div class=\"elementor-post__card\">\r\n\t\t\t\t<a class=\"elementor-post__thumbnail__link\" href=\"https:\/\/clamor.global\/pt\/puntos-de-oracion-continental-2025\/\" tabindex=\"-1\" ><div class=\"elementor-post__thumbnail\"><img decoding=\"async\" width=\"300\" height=\"300\" src=\"https:\/\/clamor.global\/wp-content\/uploads\/2025\/08\/PLANTILLA-CLAMOR-PEDIDOS-300x300.png\" class=\"attachment-medium size-medium wp-image-2992\" alt=\"\" srcset=\"https:\/\/clamor.global\/wp-content\/uploads\/2025\/08\/PLANTILLA-CLAMOR-PEDIDOS-300x300.png 300w, https:\/\/clamor.global\/wp-content\/uploads\/2025\/08\/PLANTILLA-CLAMOR-PEDIDOS-1024x1024.png 1024w, https:\/\/clamor.global\/wp-content\/uploads\/2025\/08\/PLANTILLA-CLAMOR-PEDIDOS-150x150.png 150w, https:\/\/clamor.global\/wp-content\/uploads\/2025\/08\/PLANTILLA-CLAMOR-PEDIDOS-768x768.png 768w, https:\/\/clamor.global\/wp-content\/uploads\/2025\/08\/PLANTILLA-CLAMOR-PEDIDOS.png 1200w\" sizes=\"(max-width: 300px) 100vw, 300px\" \/><\/div><\/a>\r\n\t\t\t\t<div class=\"elementor-post__badge\">Pontos de Ora\u00e7\u00e3o<\/div>\r\n\t\t\t\t<div class=\"elementor-post__text\">\r\n\t\t\t\t<h3 class=\"elementor-post__title\">\r\n\t\t\t<a href=\"https:\/\/clamor.global\/pt\/puntos-de-oracion-continental-2025\/\" >\r\n\t\t\t\tPontos de Ora\u00e7\u00e3o Continental 2025\t\t\t<\/a>\r\n\t\t<\/h3>\r\n\t\t\t\t<div class=\"elementor-post__excerpt\">\r\n\t\t\t<p>GUIA DE ORA\u00c7\u00c3O ELEI\u00c7\u00d5ES M\u00c9XICO 2024 Baixar PDF<\/p>\n\t\t<\/div>\r\n\t\t\r\n\t\t<a class=\"elementor-post__read-more\" href=\"https:\/\/clamor.global\/pt\/puntos-de-oracion-continental-2025\/\" aria-label=\"Read more about Puntos de Oracion Continental 2025\" tabindex=\"-1\" >\r\n\t\t\tVer Publica\u00e7\u00e3o\t\t<\/a>\r\n\r\n\t\t\t\t<\/div>\r\n\t\t\t\t<div class=\"elementor-post__meta-data\">\r\n\t\t\t\t\t<span class=\"elementor-post-date\">\r\n\t\t\t4 de agosto de 2025\t\t<\/span>\r\n\t\t\t\t<\/div>\r\n\t\t\t\t\t<\/div>\r\n\t\t<\/article>\r\n\t\t\t\t<article class=\"elementor-post elementor-grid-item post-2952 post type-post status-publish format-standard has-post-thumbnail hentry category-puntos-de-oracion\" role=\"listitem\">\r\n\t\t\t<div class=\"elementor-post__card\">\r\n\t\t\t\t<a class=\"elementor-post__thumbnail__link\" href=\"https:\/\/clamor.global\/pt\/puntos-de-oracion-junio-2025\/\" tabindex=\"-1\" ><div class=\"elementor-post__thumbnail\"><img decoding=\"async\" width=\"300\" height=\"300\" src=\"https:\/\/clamor.global\/wp-content\/uploads\/2024\/05\/WhatsApp-Image-2024-05-27-at-12.42.32_b7540306-300x300.jpg\" class=\"attachment-medium size-medium wp-image-2788\" alt=\"\" srcset=\"https:\/\/clamor.global\/wp-content\/uploads\/2024\/05\/WhatsApp-Image-2024-05-27-at-12.42.32_b7540306-300x300.jpg 300w, https:\/\/clamor.global\/wp-content\/uploads\/2024\/05\/WhatsApp-Image-2024-05-27-at-12.42.32_b7540306-1024x1024.jpg 1024w, https:\/\/clamor.global\/wp-content\/uploads\/2024\/05\/WhatsApp-Image-2024-05-27-at-12.42.32_b7540306-150x150.jpg 150w, https:\/\/clamor.global\/wp-content\/uploads\/2024\/05\/WhatsApp-Image-2024-05-27-at-12.42.32_b7540306-768x768.jpg 768w, https:\/\/clamor.global\/wp-content\/uploads\/2024\/05\/WhatsApp-Image-2024-05-27-at-12.42.32_b7540306.jpg 1200w\" sizes=\"(max-width: 300px) 100vw, 300px\" \/><\/div><\/a>\r\n\t\t\t\t<div class=\"elementor-post__badge\">Pontos de Ora\u00e7\u00e3o<\/div>\r\n\t\t\t\t<div class=\"elementor-post__text\">\r\n\t\t\t\t<h3 class=\"elementor-post__title\">\r\n\t\t\t<a href=\"https:\/\/clamor.global\/pt\/puntos-de-oracion-junio-2025\/\" >\r\n\t\t\t\tPontos de Ora\u00e7\u00e3o Junho 2025\t\t\t<\/a>\r\n\t\t<\/h3>\r\n\t\t\t\t<div class=\"elementor-post__excerpt\">\r\n\t\t\t<p>GUIA DE ORA\u00c7\u00c3O ELEI\u00c7\u00d5ES M\u00c9XICO 2024 Baixar PDF<\/p>\n\t\t<\/div>\r\n\t\t\r\n\t\t<a class=\"elementor-post__read-more\" href=\"https:\/\/clamor.global\/pt\/puntos-de-oracion-junio-2025\/\" aria-label=\"Read more about Puntos de Oracion Junio 2025\" tabindex=\"-1\" >\r\n\t\t\tVer Publica\u00e7\u00e3o\t\t<\/a>\r\n\r\n\t\t\t\t<\/div>\r\n\t\t\t\t<div class=\"elementor-post__meta-data\">\r\n\t\t\t\t\t<span class=\"elementor-post-date\">\r\n\t\t\tjunho 19, 2025\t\t<\/span>\r\n\t\t\t\t<\/div>\r\n\t\t\t\t\t<\/div>\r\n\t\t<\/article>\r\n\t\t\t\t<article class=\"elementor-post elementor-grid-item post-2916 post type-post status-publish format-standard has-post-thumbnail hentry category-puntos-de-oracion\" role=\"listitem\">\r\n\t\t\t<div class=\"elementor-post__card\">\r\n\t\t\t\t<a class=\"elementor-post__thumbnail__link\" href=\"https:\/\/clamor.global\/pt\/puntos-de-oracion-25-de-octubre-2024\/\" tabindex=\"-1\" ><div class=\"elementor-post__thumbnail\"><img loading=\"lazy\" decoding=\"async\" width=\"300\" height=\"300\" src=\"https:\/\/clamor.global\/wp-content\/uploads\/2024\/10\/Puntos-de-Oracion-25-10-Parte-1-300x300.jpg\" class=\"attachment-medium size-medium wp-image-2918\" alt=\"\" srcset=\"https:\/\/clamor.global\/wp-content\/uploads\/2024\/10\/Puntos-de-Oracion-25-10-Parte-1-300x300.jpg 300w, https:\/\/clamor.global\/wp-content\/uploads\/2024\/10\/Puntos-de-Oracion-25-10-Parte-1-1024x1024.jpg 1024w, https:\/\/clamor.global\/wp-content\/uploads\/2024\/10\/Puntos-de-Oracion-25-10-Parte-1-150x150.jpg 150w, https:\/\/clamor.global\/wp-content\/uploads\/2024\/10\/Puntos-de-Oracion-25-10-Parte-1-768x768.jpg 768w, https:\/\/clamor.global\/wp-content\/uploads\/2024\/10\/Puntos-de-Oracion-25-10-Parte-1.jpg 1200w\" sizes=\"(max-width: 300px) 100vw, 300px\" \/><\/div><\/a>\r\n\t\t\t\t<div class=\"elementor-post__badge\">Pontos de Ora\u00e7\u00e3o<\/div>\r\n\t\t\t\t<div class=\"elementor-post__text\">\r\n\t\t\t\t<h3 class=\"elementor-post__title\">\r\n\t\t\t<a href=\"https:\/\/clamor.global\/pt\/puntos-de-oracion-25-de-octubre-2024\/\" >\r\n\t\t\t\tPontos de Ora\u00e7\u00e3o 25 de Outubro de 2024\t\t\t<\/a>\r\n\t\t<\/h3>\r\n\t\t\t\t<div class=\"elementor-post__excerpt\">\r\n\t\t\t\t\t<\/div>\r\n\t\t\r\n\t\t<a class=\"elementor-post__read-more\" href=\"https:\/\/clamor.global\/pt\/puntos-de-oracion-25-de-octubre-2024\/\" aria-label=\"Read more about Puntos de Oraci\u00f3n 25 de Octubre 2024\" tabindex=\"-1\" >\r\n\t\t\tVer Publica\u00e7\u00e3o\t\t<\/a>\r\n\r\n\t\t\t\t<\/div>\r\n\t\t\t\t<div class=\"elementor-post__meta-data\">\r\n\t\t\t\t\t<span class=\"elementor-post-date\">\r\n\t\t\toutubro 25, 2024\t\t<\/span>\r\n\t\t\t\t<\/div>\r\n\t\t\t\t\t<\/div>\r\n\t\t<\/article>\r\n\t\t\t\t<article class=\"elementor-post elementor-grid-item post-2790 post type-post status-publish format-standard has-post-thumbnail hentry category-puntos-de-oracion\" role=\"listitem\">\r\n\t\t\t<div class=\"elementor-post__card\">\r\n\t\t\t\t<a class=\"elementor-post__thumbnail__link\" href=\"https:\/\/clamor.global\/pt\/puntos-de-oracion-27-de-mayo-2024\/\" tabindex=\"-1\" ><div class=\"elementor-post__thumbnail\"><img decoding=\"async\" width=\"300\" height=\"300\" src=\"https:\/\/clamor.global\/wp-content\/uploads\/2024\/05\/WhatsApp-Image-2024-05-27-at-12.42.32_b7540306-300x300.jpg\" class=\"attachment-medium size-medium wp-image-2788\" alt=\"\" srcset=\"https:\/\/clamor.global\/wp-content\/uploads\/2024\/05\/WhatsApp-Image-2024-05-27-at-12.42.32_b7540306-300x300.jpg 300w, https:\/\/clamor.global\/wp-content\/uploads\/2024\/05\/WhatsApp-Image-2024-05-27-at-12.42.32_b7540306-1024x1024.jpg 1024w, https:\/\/clamor.global\/wp-content\/uploads\/2024\/05\/WhatsApp-Image-2024-05-27-at-12.42.32_b7540306-150x150.jpg 150w, https:\/\/clamor.global\/wp-content\/uploads\/2024\/05\/WhatsApp-Image-2024-05-27-at-12.42.32_b7540306-768x768.jpg 768w, https:\/\/clamor.global\/wp-content\/uploads\/2024\/05\/WhatsApp-Image-2024-05-27-at-12.42.32_b7540306.jpg 1200w\" sizes=\"(max-width: 300px) 100vw, 300px\" \/><\/div><\/a>\r\n\t\t\t\t<div class=\"elementor-post__badge\">Pontos de Ora\u00e7\u00e3o<\/div>\r\n\t\t\t\t<div class=\"elementor-post__text\">\r\n\t\t\t\t<h3 class=\"elementor-post__title\">\r\n\t\t\t<a href=\"https:\/\/clamor.global\/pt\/puntos-de-oracion-27-de-mayo-2024\/\" >\r\n\t\t\t\tPontos de Ora\u00e7\u00e3o 27 de Maio de 2024\t\t\t<\/a>\r\n\t\t<\/h3>\r\n\t\t\t\t<div class=\"elementor-post__excerpt\">\r\n\t\t\t<p>GUIA DE ORA\u00c7\u00c3O ELEI\u00c7\u00d5ES M\u00c9XICO 2024 Baixar PDF<\/p>\n\t\t<\/div>\r\n\t\t\r\n\t\t<a class=\"elementor-post__read-more\" href=\"https:\/\/clamor.global\/pt\/puntos-de-oracion-27-de-mayo-2024\/\" aria-label=\"Read more about Puntos de Oracion 27 de Mayo 2024\" tabindex=\"-1\" >\r\n\t\t\tVer Publica\u00e7\u00e3o\t\t<\/a>\r\n\r\n\t\t\t\t<\/div>\r\n\t\t\t\t<div class=\"elementor-post__meta-data\">\r\n\t\t\t\t\t<span class=\"elementor-post-date\">\r\n\t\t\tmaio 27, 2024\t\t<\/span>\r\n\t\t\t\t<\/div>\r\n\t\t\t\t\t<\/div>\r\n\t\t<\/article>\r\n\t\t\t\t<article class=\"elementor-post elementor-grid-item post-2716 post type-post status-publish format-standard has-post-thumbnail hentry category-puntos-de-oracion\" role=\"listitem\">\r\n\t\t\t<div class=\"elementor-post__card\">\r\n\t\t\t\t<a class=\"elementor-post__thumbnail__link\" href=\"https:\/\/clamor.global\/pt\/puntos-de-oracion-6-de-mayo-2024\/\" tabindex=\"-1\" ><div class=\"elementor-post__thumbnail\"><img loading=\"lazy\" decoding=\"async\" width=\"300\" height=\"300\" src=\"https:\/\/clamor.global\/wp-content\/uploads\/2024\/05\/Puntos-de-Oracion-1-300x300.jpg\" class=\"attachment-medium size-medium wp-image-2693\" alt=\"\" srcset=\"https:\/\/clamor.global\/wp-content\/uploads\/2024\/05\/Puntos-de-Oracion-1-300x300.jpg 300w, https:\/\/clamor.global\/wp-content\/uploads\/2024\/05\/Puntos-de-Oracion-1-1024x1024.jpg 1024w, https:\/\/clamor.global\/wp-content\/uploads\/2024\/05\/Puntos-de-Oracion-1-150x150.jpg 150w, https:\/\/clamor.global\/wp-content\/uploads\/2024\/05\/Puntos-de-Oracion-1-768x768.jpg 768w, https:\/\/clamor.global\/wp-content\/uploads\/2024\/05\/Puntos-de-Oracion-1.jpg 1200w\" sizes=\"(max-width: 300px) 100vw, 300px\" \/><\/div><\/a>\r\n\t\t\t\t<div class=\"elementor-post__badge\">Pontos de Ora\u00e7\u00e3o<\/div>\r\n\t\t\t\t<div class=\"elementor-post__text\">\r\n\t\t\t\t<h3 class=\"elementor-post__title\">\r\n\t\t\t<a href=\"https:\/\/clamor.global\/pt\/puntos-de-oracion-6-de-mayo-2024\/\" >\r\n\t\t\t\tPontos de Ora\u00e7\u00e3o 6 de Maio de 2024\t\t\t<\/a>\r\n\t\t<\/h3>\r\n\t\t\t\t<div class=\"elementor-post__excerpt\">\r\n\t\t\t\t\t<\/div>\r\n\t\t\r\n\t\t<a class=\"elementor-post__read-more\" href=\"https:\/\/clamor.global\/pt\/puntos-de-oracion-6-de-mayo-2024\/\" aria-label=\"Read more about Puntos de Oraci\u00f3n 6 de Mayo 2024\" tabindex=\"-1\" >\r\n\t\t\tVer Publica\u00e7\u00e3o\t\t<\/a>\r\n\r\n\t\t\t\t<\/div>\r\n\t\t\t\t<div class=\"elementor-post__meta-data\">\r\n\t\t\t\t\t<span class=\"elementor-post-date\">\r\n\t\t\tmaio 6, 2024\t\t<\/span>\r\n\t\t\t\t<\/div>\r\n\t\t\t\t\t<\/div>\r\n\t\t<\/article>\r\n\t\t\t\t<\/div>\r\n\t\t\t\t\t<span class=\"e-load-more-spinner\">\r\n\t\t\t\t<i aria-hidden=\"true\" class=\"fas fa-spinner\"><\/i>\t\t\t<\/span>\r\n\t\t\r\n\t\t\t\t<div class=\"e-load-more-anchor\" data-page=\"1\" data-max-page=\"2\" data-next-page=\"https:\/\/clamor.global\/wp-json\/wp\/v2\/pages\/2774\/page\/2\/\"><\/div>\r\n\t\t\t\t<div class=\"elementor-button-wrapper\">\r\n\t\t\t<a class=\"elementor-button elementor-size-sm\" role=\"button\">\r\n\t\t\t\t\t\t<span class=\"elementor-button-content-wrapper\">\r\n\t\t\t\t\t\t\t\t\t<span class=\"elementor-button-text\">Mais Publica\u00e7\u00f5es<\/span>\r\n\t\t\t\t\t<\/span>\r\n\t\t\t\t\t<\/a>\r\n\t\t<\/div>\r\n\t\t\t\t<div class=\"e-load-more-message\"><\/div>\r\n\t\t\t\t\t\t<\/div>\n\t\t\t\t<\/div>\n\t\t\t\t\t<\/div>\n\t\t<\/div>\n\t\t\t\t\t<\/div>\n\t\t<\/section>\n\t\t\t\t<\/div>","protected":false},"excerpt":{"rendered":"<p>Inicio Punto de Oraci\u00f3n<\/p>","protected":false},"author":1,"featured_media":0,"parent":0,"menu_order":0,"comment_status":"closed","ping_status":"closed","template":"","meta":{"footnotes":""},"class_list":["post-2774","page","type-page","status-publish","hentry"],"_links":{"self":[{"href":"https:\/\/clamor.global\/pt\/wp-json\/wp\/v2\/pages\/2774","targetHints":{"allow":["GET"]}}],"collection":[{"href":"https:\/\/clamor.global\/pt\/wp-json\/wp\/v2\/pages"}],"about":[{"href":"https:\/\/clamor.global\/pt\/wp-json\/wp\/v2\/types\/page"}],"author":[{"embeddable":true,"href":"https:\/\/clamor.global\/pt\/wp-json\/wp\/v2\/users\/1"}],"replies":[{"embeddable":true,"href":"https:\/\/clamor.global\/pt\/wp-json\/wp\/v2\/comments?post=2774"}],"version-history":[{"count":7,"href":"https:\/\/clamor.global\/pt\/wp-json\/wp\/v2\/pages\/2774\/revisions"}],"predecessor-version":[{"id":2783,"href":"https:\/\/clamor.global\/pt\/wp-json\/wp\/v2\/pages\/2774\/revisions\/2783"}],"wp:attachment":[{"href":"https:\/\/clamor.global\/pt\/wp-json\/wp\/v2\/media?parent=2774"}],"curies":[{"name":"wp","href":"https:\/\/api.w.org\/{rel}","templated":true}]}}